{"id":7,"date":"2014-02-26T23:06:01","date_gmt":"2014-02-26T23:06:01","guid":{"rendered":"http:\/\/altun.co\/tsm\/?page_id=7"},"modified":"2017-12-01T09:48:27","modified_gmt":"2017-12-01T07:48:27","slug":"hakkimizda","status":"publish","type":"page","link":"http:\/\/www.tsmistanbul.com\/?page_id=7","title":{"rendered":"Hakk\u0131m\u0131zda"},"content":{"rendered":"<p>&nbsp;<\/p>\n<p>1999 Y\u0131l\u0131nda Euro RSCG grubu do\u011frudan pazarlama konusunda faaliyet g\u00f6steren The Sales Machine Network\u2019\u00fcn\u00fc kurdu.<br \/>\n2000 y\u0131l\u0131nda The Sales Machine \u0130stanbul kuruldu. 2000 ile 2004 y\u0131llar\u0131 aras\u0131nda Euro RSCG Network\u2019\u00fcn\u00fcn par\u00e7as\u0131 olarak faaliyetlerini s\u00fcrd\u00fcrd\u00fc.<br \/>\n2004 y\u0131l\u0131nda Network\u2019ten ayr\u0131larak %100 T\u00fcrk Sermayeli bir ajansa d\u00f6n\u00fc\u015ft\u00fc. 2004 y\u0131l\u0131nda do\u011frudan pazarlama ve promosyonel etkinlik pazarlamas\u0131 konusunda faaliyet g\u00f6steren Saga kuruldu.<br \/>\n2006 y\u0131l\u0131nda merkezi Londra\u2019da bulunan TLC Marketing\u2019in \u0130stanbul temsilcili\u011fi TSM b\u00fcnyesine kat\u0131ld\u0131.<\/p>\n<p>&nbsp;<\/p>\n<div style=\"height: 10px;\"><\/div>\n<p style=\"text-align: center;\"><img decoding=\"async\" class=\"wp-image-60 aligncenter\" src=\"\/wp-content\/uploads\/2014\/02\/tsm-1-1024x436.png\" alt=\"tsm-1\" width=\"645\" srcset=\"http:\/\/www.tsmistanbul.com\/wp-content\/uploads\/2014\/02\/tsm-1-1024x436.png 1024w, http:\/\/www.tsmistanbul.com\/wp-content\/uploads\/2014\/02\/tsm-1-300x127.png 300w, http:\/\/www.tsmistanbul.com\/wp-content\/uploads\/2014\/02\/tsm-1.png 1547w\" sizes=\"(max-width: 1024px) 100vw, 1024px\" \/><\/p>\n<p style=\"text-align: center;\"><img decoding=\"async\" class=\"wp-image-61 aligncenter\" src=\"\/wp-content\/uploads\/2014\/02\/tsm-2-1024x422.png\" alt=\"tsm-2\" width=\"645\" srcset=\"http:\/\/www.tsmistanbul.com\/wp-content\/uploads\/2014\/02\/tsm-2-1024x422.png 1024w, http:\/\/www.tsmistanbul.com\/wp-content\/uploads\/2014\/02\/tsm-2-300x123.png 300w, http:\/\/www.tsmistanbul.com\/wp-content\/uploads\/2014\/02\/tsm-2.png 1500w\" sizes=\"(max-width: 1024px) 100vw, 1024px\" \/><\/p>\n<p><\/p>","protected":false},"excerpt":{"rendered":"<p>&nbsp; 1999 Y\u0131l\u0131nda Euro RSCG grubu do\u011frudan pazarlama konusunda faaliyet g\u00f6steren The Sales Machine Network\u2019\u00fcn\u00fc kurdu. 2000 y\u0131l\u0131nda The [&hellip;]<\/p>\n","protected":false},"author":7,"featured_media":0,"parent":0,"menu_order":0,"comment_status":"closed","ping_status":"closed","template":"","meta":{"pgc_meta":"","footnotes":""},"acf":[],"pgc_meta":"","_links":{"self":[{"href":"http:\/\/www.tsmistanbul.com\/index.php?rest_route=\/wp\/v2\/pages\/7"}],"collection":[{"href":"http:\/\/www.tsmistanbul.com\/index.php?rest_route=\/wp\/v2\/pages"}],"about":[{"href":"http:\/\/www.tsmistanbul.com\/index.php?rest_route=\/wp\/v2\/types\/page"}],"author":[{"embeddable":true,"href":"http:\/\/www.tsmistanbul.com\/index.php?rest_route=\/wp\/v2\/users\/7"}],"replies":[{"embeddable":true,"href":"http:\/\/www.tsmistanbul.com\/index.php?rest_route=%2Fwp%2Fv2%2Fcomments&post=7"}],"version-history":[{"count":30,"href":"http:\/\/www.tsmistanbul.com\/index.php?rest_route=\/wp\/v2\/pages\/7\/revisions"}],"predecessor-version":[{"id":959,"href":"http:\/\/www.tsmistanbul.com\/index.php?rest_route=\/wp\/v2\/pages\/7\/revisions\/959"}],"wp:attachment":[{"href":"http:\/\/www.tsmistanbul.com\/index.php?rest_route=%2Fwp%2Fv2%2Fmedia&parent=7"}],"curies":[{"name":"wp","href":"https:\/\/api.w.org\/{rel}","templated":true}]}}