{"id":17,"date":"2014-02-26T23:06:59","date_gmt":"2014-02-26T23:06:59","guid":{"rendered":"http:\/\/altun.co\/tsm\/?page_id=17"},"modified":"2017-12-01T09:48:27","modified_gmt":"2017-12-01T07:48:27","slug":"iletisim","status":"publish","type":"page","link":"http:\/\/www.tsmistanbul.com\/?page_id=17","title":{"rendered":"\u0130leti\u015fim"},"content":{"rendered":"<p>Levaz\u0131m Mh. Korukent Sit. A Blok No 26\/A Levent Be\u015fikta\u015f \u0130stanbul<\/p>\n<p>T:0212-2883672 F:0212-2886662<\/p>\n<p><a href=\"mailto:info@tsmistanbul.com\">info@tsmistanbul.com<\/a><\/p>\n<p><!--more--> <iframe loading=\"lazy\" src=\"https:\/\/maps.google.com\/maps?f=q&amp;source=s_q&amp;hl=en&amp;geocode=&amp;q=TSM+Korukent+Sitesi,+Istanbul,+Turkey&amp;aq=&amp;sll=41.060218,29.021761&amp;sspn=0.011148,0.022466&amp;ie=UTF8&amp;hq=TSM&amp;hnear=Levaz%C4%B1m+Mh.,+Korukent+Sitesi,+Be%C5%9Fikta%C5%9F,+Turkey&amp;t=m&amp;ll=41.060218,29.021761&amp;spn=0.006295,0.006295&amp;output=embed\" width=\"645\" height=\"500\" frameborder=\"0\" marginwidth=\"0\" marginheight=\"0\" scrolling=\"no\"><\/iframe><\/p>\n<p><small><a style=\"color: #0000ff; text-align: left;\" href=\"https:\/\/maps.google.com\/maps?f=q&amp;source=embed&amp;hl=en&amp;geocode=&amp;q=TSM+Korukent+Sitesi,+Istanbul,+Turkey&amp;aq=&amp;sll=41.060218,29.021761&amp;sspn=0.011148,0.022466&amp;ie=UTF8&amp;hq=TSM&amp;hnear=Levaz%C4%B1m+Mh.,+Korukent+Sitesi,+Be%C5%9Fikta%C5%9F,+Turkey&amp;t=m&amp;ll=41.060218,29.021761&amp;spn=0.006295,0.006295\">B\u00fcy\u00fck haritaya g\u00f6z at<\/a><\/small><\/p>","protected":false},"excerpt":{"rendered":"<p>Levaz\u0131m Mh. Korukent Sit. A Blok No 26\/A Levent Be\u015fikta\u015f \u0130stanbul T:0212-2883672 F:0212-2886662 info@tsmistanbul.com<\/p>\n","protected":false},"author":7,"featured_media":0,"parent":0,"menu_order":4,"comment_status":"closed","ping_status":"closed","template":"","meta":{"pgc_meta":"","footnotes":""},"acf":[],"pgc_meta":"","_links":{"self":[{"href":"http:\/\/www.tsmistanbul.com\/index.php?rest_route=\/wp\/v2\/pages\/17"}],"collection":[{"href":"http:\/\/www.tsmistanbul.com\/index.php?rest_route=\/wp\/v2\/pages"}],"about":[{"href":"http:\/\/www.tsmistanbul.com\/index.php?rest_route=\/wp\/v2\/types\/page"}],"author":[{"embeddable":true,"href":"http:\/\/www.tsmistanbul.com\/index.php?rest_route=\/wp\/v2\/users\/7"}],"replies":[{"embeddable":true,"href":"http:\/\/www.tsmistanbul.com\/index.php?rest_route=%2Fwp%2Fv2%2Fcomments&post=17"}],"version-history":[{"count":23,"href":"http:\/\/www.tsmistanbul.com\/index.php?rest_route=\/wp\/v2\/pages\/17\/revisions"}],"predecessor-version":[{"id":1160,"href":"http:\/\/www.tsmistanbul.com\/index.php?rest_route=\/wp\/v2\/pages\/17\/revisions\/1160"}],"wp:attachment":[{"href":"http:\/\/www.tsmistanbul.com\/index.php?rest_route=%2Fwp%2Fv2%2Fmedia&parent=17"}],"curies":[{"name":"wp","href":"https:\/\/api.w.org\/{rel}","templated":true}]}}