{"id":11,"date":"2014-02-26T23:06:26","date_gmt":"2014-02-26T23:06:26","guid":{"rendered":"http:\/\/altun.co\/tsm\/?page_id=11"},"modified":"2017-12-01T09:48:27","modified_gmt":"2017-12-01T07:48:27","slug":"degerlerimiz","status":"publish","type":"page","link":"http:\/\/www.tsmistanbul.com\/?page_id=11","title":{"rendered":"De\u011ferlerimiz"},"content":{"rendered":"<p><\/p>\n<div id=\"pl-11\"  class=\"panel-layout\" >\n<div id=\"pg-11-0\"  class=\"panel-grid panel-no-style\" >\n<div id=\"pgc-11-0-0\"  class=\"panel-grid-cell\"  data-weight=\"1\" >\n<div id=\"panel-11-0-0-0\" class=\"so-panel widget widget_sow-editor panel-first-child panel-last-child\" data-index=\"0\" >\n<div class=\"so-widget-sow-editor so-widget-sow-editor-base\">\n<div class=\"siteorigin-widget-tinymce textwidget\">\n<div class=\"responsive-tabs\">\n<h2 class=\"tabtitle\">Fiziksel<\/h2>\n<div class=\"tabcontent\">\n<br \/>\n<strong>STRATEJ\u0130<\/strong><br \/>\nStratejik d\u00fc\u015f\u00fcnmek<br \/>\npazarlama ileti\u015fimi k\u00fclt\u00fcr\u00fcm\u00fcz\u00fcn temelidir.<\/p>\n<p><strong>YARATICILIK<\/strong><br \/>\nFarkl\u0131la\u015fan fikirler bulmak ve ilkleri ger\u00e7ekle\u015ftirmek<br \/>\nyarat\u0131c\u0131l\u0131k anlay\u0131\u015f\u0131m\u0131zd\u0131r.<\/p>\n<p><strong>KAL\u0130TE<\/strong><br \/>\nT\u00fcm sosyal payda\u015flar\u0131m\u0131z\u0131 hayran b\u0131rakacak<br \/>\nm\u00fckemmel uygulamalar yapar\u0131z.<\/p>\n<p>\n<\/div><h2 class=\"tabtitle\">Duygusal<\/h2>\n<div class=\"tabcontent\">\n<br \/>\n<strong>M\u00dc\u015eTER\u0130LER A\u00c7ISINDAN;<\/strong><br \/>\nS\u00fcrekli geli\u015fme g\u00f6steren, katma de\u011feri y\u00fcksek, kaliteli hizmetler veren g\u00fcvenilir bir \u00e7\u00f6z\u00fcm orta\u011f\u0131 olmak,<br \/>\nUzmanl\u0131k alanlar\u0131m\u0131zda ve se\u00e7ilen alanlarda yarat\u0131c\u0131 ve g\u00fcvenilir bir do\u011frudan pazarlama ajans\u0131 olarak \u00fcne kavu\u015fmak,<\/p>\n<p><strong>T\u00dcKET\u0130C\u0130LER A\u00c7ISINDAN;<\/strong><br \/>\nHizmet verilen her marka i\u00e7in t\u00fcketicisine<br \/>\nher y\u00f6n\u00fcyle ak\u0131lda kal\u0131c\u0131 bir deneyim ya\u015fatmak<\/p>\n<p><strong>TOPLUMSAL SORUMLULUK A\u00c7ISINDAN;<\/strong><br \/>\nMarkalar\u0131n toplumsal sorumluluk gere\u011fi verdi\u011fi mesajlar\u0131<br \/>\nt\u00fcm sosyal payda\u015flara en etkin \u015fekilde anlatmak<\/p>\n<p><strong>\u00c7ALI\u015eANLAR A\u00c7ISINDAN;<\/strong><br \/>\n\u00c7al\u0131\u015fanlar\u0131n yeteneklerinin geli\u015ftirildi\u011fi, kat\u0131l\u0131m ve ekip \u00e7al\u0131\u015fmas\u0131n\u0131n \u00f6zendirildi\u011fi, ba\u015far\u0131l\u0131 bir \u015firket olmak,<br \/>\nT\u00fcm \u00e7al\u0131\u015fanlar\u0131n refah, i\u015f tatmini ve kariyer planlamalar\u0131 a\u00e7\u0131lar\u0131ndan tatminine y\u00f6nelik bir i\u015f ortam\u0131 yaratmak,<br \/>\n&#8211; Verimlilik, i\u015fbirli\u011fi ve uyumlu i\u015f b\u00f6l\u00fcm\u00fc.<\/p>\n<p><strong> \u0130\u015e ORTAKLARIMIZ A\u00c7ISINDAN;<\/strong><br \/>\nGer\u00e7ekle\u015ftirilen her kampanya ile m\u00fckemmele giden yolda birlikte y\u00fcr\u00fcyece\u011fimizi hissettirmek,<\/p>\n<p><strong>H\u0130SSEDARLAR A\u00c7ISINDAN;<\/strong><br \/>\nS\u00fcrekli y\u00fckselen performans\u0131 ve uluslararas\u0131 rekabet ko\u015fullar\u0131nda bile kabul edilir ba\u015far\u0131 d\u00fczeyi ile alan\u0131nda \u00f6nder, daha fazla yat\u0131r\u0131m\u0131 hak eden bir organizasyon olmak.<\/p>\n<\/div><\/div><\/div>\n<\/div>\n<\/div>\n<\/div>\n<\/div>\n<\/div>\n<p><\/p>","protected":false},"excerpt":{"rendered":"<p>STRATEJ\u0130 Stratejik d\u00fc\u015f\u00fcnmek pazarlama ileti\u015fimi k\u00fclt\u00fcr\u00fcm\u00fcz\u00fcn temelidir. YARATICILIK Farkl\u0131la\u015fan fikirler bulmak ve ilkleri ger\u00e7ekle\u015ftirmek yarat\u0131c\u0131l\u0131k anlay\u0131\u015f\u0131m\u0131zd\u0131r. KAL\u0130TE T\u00fcm sosyal [&hellip;]<\/p>\n","protected":false},"author":7,"featured_media":0,"parent":0,"menu_order":2,"comment_status":"closed","ping_status":"closed","template":"","meta":{"pgc_meta":"","footnotes":""},"acf":[],"pgc_meta":"","_links":{"self":[{"href":"http:\/\/www.tsmistanbul.com\/index.php?rest_route=\/wp\/v2\/pages\/11"}],"collection":[{"href":"http:\/\/www.tsmistanbul.com\/index.php?rest_route=\/wp\/v2\/pages"}],"about":[{"href":"http:\/\/www.tsmistanbul.com\/index.php?rest_route=\/wp\/v2\/types\/page"}],"author":[{"embeddable":true,"href":"http:\/\/www.tsmistanbul.com\/index.php?rest_route=\/wp\/v2\/users\/7"}],"replies":[{"embeddable":true,"href":"http:\/\/www.tsmistanbul.com\/index.php?rest_route=%2Fwp%2Fv2%2Fcomments&post=11"}],"version-history":[{"count":7,"href":"http:\/\/www.tsmistanbul.com\/index.php?rest_route=\/wp\/v2\/pages\/11\/revisions"}],"predecessor-version":[{"id":1176,"href":"http:\/\/www.tsmistanbul.com\/index.php?rest_route=\/wp\/v2\/pages\/11\/revisions\/1176"}],"wp:attachment":[{"href":"http:\/\/www.tsmistanbul.com\/index.php?rest_route=%2Fwp%2Fv2%2Fmedia&parent=11"}],"curies":[{"name":"wp","href":"https:\/\/api.w.org\/{rel}","templated":true}]}}